{"id":925,"date":"2025-12-12T09:53:30","date_gmt":"2025-12-12T08:53:30","guid":{"rendered":"https:\/\/mesdecuines.com\/nota-legal\/"},"modified":"2026-02-03T12:19:15","modified_gmt":"2026-02-03T11:19:15","slug":"nota-legal","status":"publish","type":"page","link":"https:\/\/mesdecuines.com\/ca\/nota-legal\/","title":{"rendered":"Avis legal"},"content":{"rendered":"\n<h1 class=\"wp-block-heading encabezado\"><strong>AV\u00cdS LEGAL<\/strong><\/h1>\n\n\n\n<p>En compliment del que estableix l\u2019art. 10 de la Llei 34\/2002, de 11 de juliol, de Serveis de la Societat de la Informaci\u00f3 i Comer\u00e7 Electr\u00f2nic (LSSI-CE), s\u2019informa que aquest lloc web \u00e9s titularitat de l\u2019empresa Mesdecuines BCN S.L.<br>Ra\u00f3 social: Mesdecuines BCN S.L.<br>Direcci\u00f3: Rossell\u00f3 288 local 08037 Barcelona<br>CIF: B66530783<br>Tel\u00e8fon: 934 050 136<br>E-mail de contacte:&nbsp;<a href=\"mailto:sergiv@mesdecuines.com\" target=\"_blank\" rel=\"noreferrer noopener\">sergiv@mesdecuines.com<\/a><br>Per a l\u2019utilitzaci\u00f3 de la P\u00e0gina es requereix l\u2019acceptaci\u00f3 expressa de l\u2019usuari de totes i cadascuna de les cl\u00e0usules que s\u2019indiquen en el present Av\u00eds Legal, aix\u00ed com de cadascuna de les advert\u00e8ncies o cl\u00e0usules espec\u00edfiques que es estableixin per a la contractaci\u00f3 de determinats serveis, productes o \u00fas de zones de la P\u00e0gina.<br>En cas de no acceptar les cl\u00e0usules establertes en el present Av\u00eds Legal, l\u2019usuari haur\u00e0 d\u2019abstenir-se d\u2019accedir i\/o utilitzar els serveis i\/o continguts posats a la seva disposici\u00f3 a la P\u00e0gina, procedint a abandonar-la.<\/p>\n\n\n\n<p id=\"us-de-la-pgina\"><strong>US DE LA P\u00c0GINA<\/strong><\/p>\n\n\n\n<p>L\u2019usuari s\u2019obliga a no utilitzar la P\u00e0gina per a la realitzaci\u00f3 d\u2019activitats contr\u00e0ries a les lleis, a la moral, a l\u2019orde p\u00fablic i, en general, a fer un \u00fas conforme a les condicions establertes en el present Av\u00eds Legal. Aix\u00ed mateix, s\u2019obliga a no realitzar activitats publicit\u00e0ries o d\u2019explotaci\u00f3 comercial remitent missatges que utilitzin una identitat falsa.<br>La Companyia actua exclusivament com a responsable de la P\u00e0gina en la seva condici\u00f3 de prestador d\u2019un servei d\u2019informaci\u00f3 sobre els seus propis serveis, no fent-se responsable dels continguts que, en contravenci\u00f3 a les presentes condicions generals, els usuaris poguessin enviar o publicar, sent l\u2019usuari l\u2019\u00fanic responsable de la veracitat i licitud dels mateixos.<br>La Companyia podr\u00e0 interrompre el servei de la P\u00e0gina que estigui sent utilitzat per l\u2019usuari i resoldre de manera immediata la relaci\u00f3 amb l\u2019usuari si detecta un \u00fas de la P\u00e0gina o de qualsevol dels serveis que en el mateix s\u2019ofereixen que pugui considerar contrari al que s\u2019expressa en el present Av\u00eds Legal.<\/p>\n\n\n\n<p id=\"propietat-intellectual-e-industrial\"><strong>PROPIETAT INTEL\u00b7LECTUAL E INDUSTRIAL<\/strong><\/p>\n\n\n\n<p>La totalitat d\u2019aquesta P\u00e0gina: text, imatges, marques, gr\u00e0fics, logotips, botons, fitxers de programari, combinacions de colors, aix\u00ed com l\u2019estructura, selecci\u00f3, ordenaci\u00f3 i presentaci\u00f3 dels seus continguts, es troba protegida per les lleis sobre Propietat Intel\u00b7lectual e Industrial, quedant prohibit la seva reproducci\u00f3, distribuci\u00f3, comunicaci\u00f3 p\u00fablica i transformaci\u00f3, llevat per a \u00fas personal i privat.<br>La Companyia no garanteix que els continguts siguin precisos o lliures d\u2019error o que el lliure \u00fas dels mateixos per l\u2019usuari no infringeixi els drets de terceres parts. El bon o mal \u00fas d\u2019aquesta p\u00e0gina i dels seus continguts est\u00e0 sota la responsabilitat de l\u2019usuari.<br>Aix\u00ed mateix, queda prohibit la reproducci\u00f3, retransmissi\u00f3, c\u00f2pia, cessi\u00f3 o redifusi\u00f3, total o parcial, de la informaci\u00f3 continguda a la P\u00e0gina, sigui quin sigui el seu objectiu i el mitj\u00e0 utilitzat per a fer-ho, sense autoritzaci\u00f3 pr\u00e8via de la Companyia.<\/p>\n\n\n\n<p id=\"enllaos-o-links\"><strong>ENLLA\u00c7OS O LINKS<\/strong><\/p>\n\n\n\n<p>La P\u00e0gina pot incloure enlla\u00e7os o links a llocs de tercers. Les p\u00e0gines pertanyents a tercers no han estat revisades ni s\u00f3n objecte de controls per part de la Companyia. En qualsevol cas, la Companyia no podr\u00e0 ser considerada responsable dels continguts d\u2019aquests llocs web ni de les mesures que es vegin adoptades relatives a la seva privadesa o al tractament dels seus dades de car\u00e0cter personal.<br>La Companyia recomana la lectura detallada de les condicions d\u2019\u00fas i la pol\u00edtica de privadesa d\u2019aquests llocs.<br>En cas d\u2019estar interessat a activar un enlla\u00e7 a alguna de les p\u00e0gines de la Companyia haur\u00e0 de comunicar-ho, obtenint el consentiment expr\u00e9s per crear l\u2019enlla\u00e7. La Companyia es reserva el dret d\u2019oposici\u00f3 a l\u2019activaci\u00f3 d\u2019enlla\u00e7os amb el seu lloc web.<\/p>\n\n\n\n<p id=\"menores-dedat\"><strong>MENORES D\u2019EDAT<\/strong><\/p>\n\n\n\n<p>La Companyia recorda als usuaris majors d\u2019edat, que tinguin al seu c\u00e0rrec menors, que ser\u00e0 de la seva exclusiva responsabilitat determinar quins serveis i\/o continguts no s\u00f3n apropiats per a l\u2019edat d\u2019aquests \u00faltims.<br>La Companyia els informa que existeixen programes inform\u00e0tics que permeten filtrar i bloquejar l\u2019acc\u00e9s a determinats continguts i serveis, de tal forma que els pares o tutors, per exemple, puguin decidir quins s\u00f3n els continguts i serveis d\u2019Internet als quals els menors poden tenir acc\u00e9s i quins no.<\/p>\n\n\n\n<p id=\"responsabilitats\"><strong>RESPONSABILITATS<\/strong><\/p>\n\n\n\n<p>La Companyia no ser\u00e0 responsable directa ni subsidi\u00e0riament de:<br>La qualitat del servei, la velocitat d\u2019acc\u00e9s, el correcte funcionament ni la disponibilitat ni continu\u00eftat de funcionament de la P\u00e0gina.<br>Els danys que es puguin causar en els equips de l\u2019usuari per la utilitzaci\u00f3 de la P\u00e0gina.<br>Els casos en qu\u00e8 un tercer, trencant les mesures de seguretat establertes, accedeixi als missatges o els utilitzi per a la remissi\u00f3 de virus inform\u00e0tics.<br>Els vicis i defectes de tota mena dels continguts transmesos, difosos, emmagatzemats o posats a disposici\u00f3.<br>La licitud, fiabilitat i utilitat dels continguts que els usuaris transmeterin amb la utilitzaci\u00f3 de la p\u00e0gina o dels serveis en ell ofertats, aix\u00ed com tampoc la seva veracitat o exactitud. La Companyia no controla la utilitzaci\u00f3 que els usuaris fan de la P\u00e0gina, ni garanteix que la facin conforme al que s\u2019estableix en el present Av\u00eds Legal.<br>A t\u00edtol enunciatiu i amb car\u00e0cter no limitatiu, l\u2019usuari ser\u00e0 responsable de:<br>Dels continguts introdu\u00efts per ells, especialment dels dades e informacions introdu\u00efdes i enviades a la Companyia per mitj\u00e0 de la P\u00e0gina o a la P\u00e0gina.<br>De la realitzaci\u00f3 de qualsevol tipus d\u2019actuaci\u00f3 il\u00b7l\u00edcita, lesiva de drets, nociva i\/o perjudicial.<br>De la cust\u00f2dia del seu nom d\u2019usuari i password, no devent comunicar-lo a terceres persones, amb l\u2019objectiu d\u2019evitar suplantacions d\u2019identitat o facilitaci\u00f3 de dades no veraces o incorrectes.<\/p>\n\n\n\n<p id=\"fuero\"><strong>FUERO<\/strong><\/p>\n\n\n\n<p>El present Av\u00eds Legal es troba redactat en castell\u00e0, i es troba sotm\u00e8s a la legislaci\u00f3 espanyola vigent. Per a qualsevol tipus de controv\u00e8rsia derivada de la utilitzaci\u00f3 dels serveis oferts o dels continguts propis de la P\u00e0gina les parts, amb l\u2019acceptaci\u00f3 del clausulat establert en el present Av\u00eds Legal es sotmetran als Tribunals i Juzgats competents de Barcelona.<\/p>\n\n\n\n<p id=\"poltica-de-privacitat-i-protecci-de-dades\"><strong>POL\u00cdTICA DE PRIVACITAT I PROTECCI\u00d3 DE DADES<\/strong><\/p>\n\n\n\n<p>MESDECUINES (la Companyia) posa en coneixement dels usuaris de la p\u00e0gina&nbsp;<a rel=\"noreferrer noopener\" target=\"_blank\" href=\"https:\/\/www.mesdecuines.com\/\">www.mesdecuines.com<\/a>&nbsp;(la P\u00e0gina) la legislaci\u00f3 vigent en mat\u00e8ria de protecci\u00f3 de dades de car\u00e0cter personal, privadesa dels usuaris i el secret i seguretat de les dades personals.<br>Per a aix\u00f2 s\u2019adopten les mesures d\u2019\u00edndole t\u00e8cnica i organitzativa necess\u00e0ries per garantir la seguretat de les dades de car\u00e0cter personal contingudes en els mateixos i per evitar la seva alteraci\u00f3, p\u00e8rdua, tractament o acc\u00e9s no autoritzat, habida compte de l\u2019estat de la tecnologia, la naturalesa de les dades i els riscos als quals estan exposats.<br>Les dades personals facilitades seran incloses als fitxers, manuals o automatitzats registrats a l\u2019Ag\u00e8ncia Espanyola de Protecci\u00f3 de Dades, sota titularitat de la Companyia, que utilitzar\u00e0 per a l\u2019adequada gesti\u00f3 de la relaci\u00f3 contractual.<br>Li informem que pot exercir els seus drets d\u2019acc\u00e9s, rectificaci\u00f3 i cancel\u00b7laci\u00f3 mitjan\u00e7ant comunicaci\u00f3 escrita dirigida al correu electr\u00f2nic&nbsp;<a rel=\"noreferrer noopener\" target=\"_blank\" href=\"mailto:sergiv@mesdecuines.com\">sergiv@mesdecuines.com<\/a>.<br>EXISTEIX UN LINK ESPEC\u00cdFIC SOBRE POL\u00cdTICA DE PRIVACITAT A LA NOSTRA WEB: POL\u00cdTICA DE PRIVACITAT.<br>L\u2019usuari ser\u00e0 l\u2019\u00fanic responsable de la veracitat de les dades facilitades a la Companyia.<br>La navegaci\u00f3 per la P\u00e0gina deixa com a rastre l\u2019adre\u00e7a IP assignada pel seu prove\u00efdor d\u2019acc\u00e9s, aquestes dades nom\u00e9s seran utilitzades amb la finalitat d\u2019elaborar dades estad\u00edstiques de la P\u00e0gina.<br>La Companyia administra el seu entorn de servidors de forma adequada, tenint una infraestructura firewall d\u2019estricte compliment. Utilitza cont\u00ednuament tecnologies actuals per assegurar-se que la confidencialitat i la privadesa de la informaci\u00f3 no est\u00e0 compromesa.<\/p>\n\n\n\n<h2 class=\"wp-block-heading\" id=\"inclusi-plug-ins-xarxes-socials-facebook\">Inclusi\u00f3 Plug ins Xarxes Socials (Facebook)<\/h2>\n\n\n\n<p>El nostre lloc web utilitza plug-ins de xarxes socials (\u00abplug-ins\u00bb) de la xarxa social facebook.com gestionada per Facebook Inc. situada a 1601 S. California Ave, Palo Alto, CA 94304, EE.UU. Els plug-ins s\u00f3n recognoscibles perqu\u00e8 tenen el logotip de Facebook o pel text \u00abPlug-in de la xarxa social Facebook\u00bb.<br>Quan l\u2019usuari visiti una p\u00e0gina web del nostre lloc que contingui aquest bot\u00f3, el seu navegador establir\u00e0 una connexi\u00f3 directa amb els servidors de Facebook. El contingut del plug-in es transmet directament des de Facebook al seu navegador i des del navegador s\u2019incorpora a la p\u00e0gina web. De manera que no tenim cap control sobre el tr\u00e0fic de dades que Facebook, amb l\u2019ajuda d\u2019aquest plug-in, recull i, segons ens consta, informem als usuaris de la plataforma de twago que:<br>Amb la integraci\u00f3 del plug-in, Facebook t\u00e9 not\u00edcia que l\u2019usuari ha visitat una p\u00e0gina del nostre lloc web. Si l\u2019usuari est\u00e0 autenticat com a membre de Facebook, Facebook pot associar la seva visita a la seva compte de Facebook. Si interacciona amb els plug-ins, per exemple, fent clic al bot\u00f3 \u00abm\u2019agrada\u00bb o si puja un comentari, la informaci\u00f3 corresponent del navegador de l\u2019usuari ser\u00e0 transmesa directament a Facebook i all\u00e0 s\u2019emmagatzemar\u00e0. Si l\u2019usuari no \u00e9s membre de Facebook, cal, no obstant aix\u00f2, la possibilitat que Facebook detecti la seva adre\u00e7a IP i la emmagatzemi.<br>Per obtenir m\u00e9s informaci\u00f3 sobre la finalitat i l\u2019abast de la recol\u00b7lecci\u00f3 de dades i el posterior processament i utilitzaci\u00f3 que Facebook fa d\u2019elles, aix\u00ed com dels drets de l\u2019usuari en aquest \u00e0mbit i les diferents configuracions per a la protecci\u00f3 de la privadesa dels usuaris, visiti la p\u00e0gina de Facebook sobre la seva pol\u00edtica de privadesa&nbsp;<a rel=\"noreferrer noopener\" target=\"_blank\" href=\"http:\/\/www.facebook.com\/policy.php\">http:\/\/www.facebook.com\/policy.php<\/a>.<br>Si l\u2019usuari \u00e9s membre de Facebook i no desitja que Facebook reculli dades sobre ell a trav\u00e9s del nostre lloc web vinculant-les amb les dades que, com a membre de Facebook, aquesta empresa ja t\u00e9 emmagatzemades, haur\u00e0, abans de visitar la nostra p\u00e0gina, de desautenticar-se de la compte de Facebook.<\/p>\n\n\n\n<p id=\"fuero\"><strong>FUERO<\/strong><\/p>\n\n\n\n<p>El present Av\u00eds Legal es troba redactat en castell\u00e0, i es troba sotm\u00e8s a la legislaci\u00f3 espanyola vigent. Per a qualsevol tipus de controv\u00e8rsia derivada de la utilitzaci\u00f3 dels serveis oferts o dels continguts propis de la P\u00e0gina les parts, amb l\u2019acceptaci\u00f3 del clausulat establert en el present Av\u00eds Legal es sotmetran als Tribunals i Jutjats competents de Barcelona.<\/p>\n\n\n\n<p><\/p>\n","protected":false},"excerpt":{"rendered":"<p>AV\u00cdS LEGAL En compliment del que estableix l\u2019art. 10 de la Llei 34\/2002, de 11 de juliol, de Serveis de la Societat de la Informaci\u00f3 i Comer\u00e7 Electr\u00f2nic (LSSI-CE), s\u2019informa que aquest lloc web \u00e9s titularitat de l\u2019empresa Mesdecuines BCN S.L.Ra\u00f3 social: Mesdecuines BCN S.L.Direcci\u00f3: Rossell\u00f3 288 local 08037 BarcelonaCIF: B66530783Tel\u00e8fon: 934 050 136E-mail de [&hellip;]<\/p>\n","protected":false},"author":1,"featured_media":0,"parent":0,"menu_order":0,"comment_status":"closed","ping_status":"closed","template":"","meta":{"footnotes":""},"class_list":["post-925","page","type-page","status-publish","hentry"],"_links":{"self":[{"href":"https:\/\/mesdecuines.com\/ca\/wp-json\/wp\/v2\/pages\/925","targetHints":{"allow":["GET"]}}],"collection":[{"href":"https:\/\/mesdecuines.com\/ca\/wp-json\/wp\/v2\/pages"}],"about":[{"href":"https:\/\/mesdecuines.com\/ca\/wp-json\/wp\/v2\/types\/page"}],"author":[{"embeddable":true,"href":"https:\/\/mesdecuines.com\/ca\/wp-json\/wp\/v2\/users\/1"}],"replies":[{"embeddable":true,"href":"https:\/\/mesdecuines.com\/ca\/wp-json\/wp\/v2\/comments?post=925"}],"version-history":[{"count":0,"href":"https:\/\/mesdecuines.com\/ca\/wp-json\/wp\/v2\/pages\/925\/revisions"}],"wp:attachment":[{"href":"https:\/\/mesdecuines.com\/ca\/wp-json\/wp\/v2\/media?parent=925"}],"curies":[{"name":"wp","href":"https:\/\/api.w.org\/{rel}","templated":true}]}}